{"id":297,"date":"2018-12-30T16:00:47","date_gmt":"2018-12-30T15:00:47","guid":{"rendered":"http:\/\/slowozaslowo.pl\/?page_id=297"},"modified":"2020-11-11T16:35:31","modified_gmt":"2020-11-11T15:35:31","slug":"kto-za-tym-stoi","status":"publish","type":"page","link":"https:\/\/slowozaslowo.pl\/index.php\/kto-za-tym-stoi\/","title":{"rendered":"Kto za tym stoi"},"content":{"rendered":"\n<figure class=\"wp-block-image size-large is-resized\"><img loading=\"lazy\" decoding=\"async\" src=\"https:\/\/slowozaslowo.pl\/wp-content\/uploads\/2020\/11\/Agata-Tondera-S\u0142owo-za-s\u0142owo.jpg\" alt=\"s\u0142owo za s\u0142owo s\u0142owna Agata Tondera\" class=\"wp-image-595\" width=\"258\" height=\"344\" srcset=\"https:\/\/slowozaslowo.pl\/wp-content\/uploads\/2020\/11\/Agata-Tondera-S\u0142owo-za-s\u0142owo.jpg 540w, https:\/\/slowozaslowo.pl\/wp-content\/uploads\/2020\/11\/Agata-Tondera-S\u0142owo-za-s\u0142owo-225x300.jpg 225w, https:\/\/slowozaslowo.pl\/wp-content\/uploads\/2020\/11\/Agata-Tondera-S\u0142owo-za-s\u0142owo-160x213.jpg 160w\" sizes=\"auto, (max-width: 258px) 100vw, 258px\" \/><figcaption><br><br><\/figcaption><\/figure>\n\n\n\n<p>Nazywam si\u0119 Agata Tondera.<\/p>\n\n\n\n<p>Dlaczego taka strona? Poniewa\u017c chc\u0119 m\u00f3wi\u0107 o ksi\u0105\u017ckach, kt\u00f3rych nie powinno si\u0119 zapomina\u0107, kt\u00f3re stanowi\u0105 inspiracj\u0119 oraz\/lub obok kt\u00f3rych nie mam zamiaru przej\u015b\u0107 oboj\u0119tnie.<\/p>\n\n\n\n<p>Co mog\u0119 zaoferowa\u0107? S\u0142owa&#8230; Ale tylko konkretne. Nie b\u0119d\u0119 tworzy\u0107 d\u0142ugich wpis\u00f3w, je\u015bli akurat nie ma takiej potrzeby. Nie chc\u0119 te\u017c przykuwa\u0107 Twojej uwagi blogowymi obrazkami. Bo to s\u0142owa maj\u0105 znaczenie w literaturze. Nawet je\u015bli \u017cyjemy w kulturze obrazu.<\/p>\n\n\n\n<p>Doceniam minimalizm i prostot\u0119. \ud83d\ude42<\/p>\n\n\n\n<p>Kim jestem prywatnie? Z wykszta\u0142cenia krytyczk\u0105 literack\u0105 i edytork\u0105. Przez sze\u015b\u0107 studenckich lat wierna najstarszej polskiej uczelni i krakowskiemu klimatowi. Mi\u0142o\u015bniczka wszelakiej literatury z naciskiem na literatur\u0119 pi\u0119kn\u0105. Fanka tw\u00f3rczo\u015bci Jaume&#8217;a Cabrego a tak\u017ce Wita Szostaka. I wielu innych. \ud83d\ude42 <\/p>\n\n\n\n<p>W tekstach ceni\u0119 sobie nietuzinkowo\u015b\u0107. <\/p>\n\n\n\n<p>Jakie jest jedno z moich marze\u0144? Przeczyta\u0107 wszystko, co stoi aktualnie na mojej p\u00f3\u0142ce. I jeszcze wi\u0119cej. Ale tylko z przyjemno\u015bci\u0105.<\/p>\n\n\n\n<div class=\"wp-block-button\"><a class=\"wp-block-button__link\" href=\"https:\/\/www.facebook.com\/slowozaslowo\/\">Znajd\u017a stron\u0119 na facebooku<\/a><\/div>\n\n\n\n<div class=\"wp-block-button\"><a class=\"wp-block-button__link\" href=\"https:\/\/anchor.fm\/kulturalnie\/episodes\/Odcinek-13-Sowo-za-sowo---Agata-Tondera-e2tdeb\">Pos\u0142uchaj podcastu<\/a><\/div>\n\n\n\n<div class=\"wp-block-button\"><a class=\"wp-block-button__link\" href=\"http:\/\/slowozaslowo.pl\/index.php\/contact-page-2\/\">Skontaktuj si\u0119 przez formularz&#8230;<\/a><\/div>\n\n\n\n<p>&#8230;lub skorzystaj z adresu: a.tondera94@gmail.com<\/p>\n","protected":false},"excerpt":{"rendered":"<p>Nazywam si\u0119 Agata Tondera. Dlaczego taka strona? Poniewa\u017c chc\u0119 m\u00f3wi\u0107 o ksi\u0105\u017ckach, kt\u00f3rych nie powinno si\u0119 zapomina\u0107, kt\u00f3re stanowi\u0105 inspiracj\u0119 oraz\/lub obok kt\u00f3rych nie mam zamiaru przej\u015b\u0107 oboj\u0119tnie. Co mog\u0119 zaoferowa\u0107? S\u0142owa&#8230; Ale tylko konkretne. Nie b\u0119d\u0119 tworzy\u0107 d\u0142ugich wpis\u00f3w, je\u015bli akurat nie ma takiej potrzeby. Nie chc\u0119 te\u017c przykuwa\u0107 Twojej uwagi blogowymi obrazkami. Bo [&hellip;]<\/p>\n<a class=\"read-more-link\" href=\" https:\/\/slowozaslowo.pl\/index.php\/kto-za-tym-stoi\/ \">Read more<\/a>","protected":false},"author":1,"featured_media":0,"parent":0,"menu_order":0,"comment_status":"closed","ping_status":"closed","template":"","meta":{"footnotes":""},"class_list":["post-297","page","type-page","status-publish","hentry"],"_links":{"self":[{"href":"https:\/\/slowozaslowo.pl\/index.php\/wp-json\/wp\/v2\/pages\/297","targetHints":{"allow":["GET"]}}],"collection":[{"href":"https:\/\/slowozaslowo.pl\/index.php\/wp-json\/wp\/v2\/pages"}],"about":[{"href":"https:\/\/slowozaslowo.pl\/index.php\/wp-json\/wp\/v2\/types\/page"}],"author":[{"embeddable":true,"href":"https:\/\/slowozaslowo.pl\/index.php\/wp-json\/wp\/v2\/users\/1"}],"replies":[{"embeddable":true,"href":"https:\/\/slowozaslowo.pl\/index.php\/wp-json\/wp\/v2\/comments?post=297"}],"version-history":[{"count":11,"href":"https:\/\/slowozaslowo.pl\/index.php\/wp-json\/wp\/v2\/pages\/297\/revisions"}],"predecessor-version":[{"id":596,"href":"https:\/\/slowozaslowo.pl\/index.php\/wp-json\/wp\/v2\/pages\/297\/revisions\/596"}],"wp:attachment":[{"href":"https:\/\/slowozaslowo.pl\/index.php\/wp-json\/wp\/v2\/media?parent=297"}],"curies":[{"name":"wp","href":"https:\/\/api.w.org\/{rel}","templated":true}]}}