
	
{"id":213,"date":"2018-12-29T18:42:16","date_gmt":"2018-12-29T17:42:16","guid":{"rendered":"http:\/\/slowozaslowo.pl\/index.php\/contact-page\/"},"modified":"2020-11-11T16:46:07","modified_gmt":"2020-11-11T15:46:07","slug":"contact-page-2","status":"publish","type":"page","link":"https:\/\/slowozaslowo.pl\/index.php\/contact-page-2\/","title":{"rendered":""},"content":{"rendered":"\n<p>Masz pytania? Chcia\u0142by\u015b\/chcia\u0142aby\u015b podzieli\u0107 si\u0119 ze mn\u0105 swoimi przemy\u015bleniami? A mo\u017ce jeszcze co\u015b innego przychodzi Ci do g\u0142owy? Ch\u0119tnie przeczytam, co masz mi do powiedzenia, i na pewno si\u0119 do tego ustosunkuj\u0119. \ud83d\ude42 Wystarczy, \u017ce wype\u0142nisz poni\u017cszy formularz kontaktowy, albo napiszesz maila na adres: a.tondera94@gmail.com. Do napisania!<\/p>\n\n\n<p><div class=\"tk-contact-form\">\n\t\t\t\t\t<form method=\"GET\" id=\"contactform\" class=\"contact-form\" action=\"#\" >\n\t\t\t\t\t\t<div>\n\t\t\t\t\t\t\t<textarea placeholder=\"Message&nbsp;*\" name=\"message\" id=\"contactmessage\" rows=\"6\"><\/textarea>\n\t\t\t\t\t\t<\/div>\n\t\t\t\t\t\t<div class=\"small-input\">\n\t\t\t\t\t\t\t<input type=\"text\" name=\"contactname\" id=\"contactname\" placeholder=\"Name&nbsp;*\">\n\t\t\t\t\t\t<\/div>\n\t\t\t\t\t\t<div class=\"small-input last\">\n\t\t\t\t\t\t\t<input type=\"text\" name=\"email\" id=\"contactemail\" placeholder=\"Email&nbsp;*\">\n\t\t\t\t\t\t<\/div>\n\t\t\t\t\t\t<div class=\"contact-submit\">\n\t\t\t\t\t\t\t<input name=\"submit\" type=\"submit\" id=\"send_contact\" value=\"Send\">\n\t\t\t\t\t\t<\/div>\n\t\t\t\t\t\t<div id=\"contact-error\"><\/div>\n\t\t\t\t\t<\/form>\n\t\t\t\t<\/div><\/p>","protected":false},"excerpt":{"rendered":"<p>Masz pytania? Chcia\u0142by\u015b\/chcia\u0142aby\u015b podzieli\u0107 si\u0119 ze mn\u0105 swoimi przemy\u015bleniami? A mo\u017ce jeszcze co\u015b innego przychodzi Ci do g\u0142owy? Ch\u0119tnie przeczytam, co masz mi do powiedzenia, i na pewno si\u0119 do tego ustosunkuj\u0119. \ud83d\ude42 Wystarczy, \u017ce wype\u0142nisz poni\u017cszy formularz kontaktowy, albo napiszesz maila na adres: a.tondera94@gmail.com. Do napisania!<\/p>\n<a class=\"read-more-link\" href=\" https:\/\/slowozaslowo.pl\/index.php\/contact-page-2\/ \">Read more<\/a>","protected":false},"author":1,"featured_media":0,"parent":0,"menu_order":0,"comment_status":"closed","ping_status":"closed","template":"","meta":{"footnotes":""},"class_list":["post-213","page","type-page","status-publish","hentry"],"_links":{"self":[{"href":"https:\/\/slowozaslowo.pl\/index.php\/wp-json\/wp\/v2\/pages\/213","targetHints":{"allow":["GET"]}}],"collection":[{"href":"https:\/\/slowozaslowo.pl\/index.php\/wp-json\/wp\/v2\/pages"}],"about":[{"href":"https:\/\/slowozaslowo.pl\/index.php\/wp-json\/wp\/v2\/types\/page"}],"author":[{"embeddable":true,"href":"https:\/\/slowozaslowo.pl\/index.php\/wp-json\/wp\/v2\/users\/1"}],"replies":[{"embeddable":true,"href":"https:\/\/slowozaslowo.pl\/index.php\/wp-json\/wp\/v2\/comments?post=213"}],"version-history":[{"count":4,"href":"https:\/\/slowozaslowo.pl\/index.php\/wp-json\/wp\/v2\/pages\/213\/revisions"}],"predecessor-version":[{"id":599,"href":"https:\/\/slowozaslowo.pl\/index.php\/wp-json\/wp\/v2\/pages\/213\/revisions\/599"}],"wp:attachment":[{"href":"https:\/\/slowozaslowo.pl\/index.php\/wp-json\/wp\/v2\/media?parent=213"}],"curies":[{"name":"wp","href":"https:\/\/api.w.org\/{rel}","templated":true}]}}